{"id":462,"date":"2021-01-11T05:23:41","date_gmt":"2021-01-11T05:23:41","guid":{"rendered":"https:\/\/alumiinivenekorjaamo.fi\/product\/faster-pohjan-korjaus\/"},"modified":"2021-01-15T07:35:53","modified_gmt":"2021-01-15T07:35:53","slug":"faster-pohjan-korjaus","status":"publish","type":"product","link":"https:\/\/alumiinivenekorjaamo.fi\/sv\/tuote\/faster-pohjan-korjaus\/","title":{"rendered":"Faster pohjan korjaus"},"content":{"rendered":"<p>Fasterin pohja korjattiin ulkopuolelta oikomalla. Yhten\u00e4 ty\u00f6kaluna meill\u00e4 on hydraulipumppu, jolla saa vedetty\u00e4 lommot ulos. Homma n\u00e4ytt\u00e4\u00e4 helpolta, mutta tarvitsee aavistuksen osaamista onnistuakseen. Ty\u00f6kalujen j\u00e4ljet paklattiin pois, jonka j\u00e4lkeen pintaan vedettiin epoxy-primer ja Hempel Alusafe.<\/p>\n","protected":false},"excerpt":{"rendered":"<p>Fasterin pohja korjattiin ulkopuolelta oikomalla.<\/p>\n","protected":false},"featured_media":576,"comment_status":"open","ping_status":"closed","template":"","meta":[],"product_brand":[],"product_cat":[72],"product_tag":[],"class_list":{"0":"post-462","1":"product","2":"type-product","3":"status-publish","4":"has-post-thumbnail","6":"product_cat-pohjalevy","8":"first","9":"instock","10":"shipping-taxable","11":"product-type-simple"},"_links":{"self":[{"href":"https:\/\/alumiinivenekorjaamo.fi\/sv\/wp-json\/wp\/v2\/product\/462","targetHints":{"allow":["GET"]}}],"collection":[{"href":"https:\/\/alumiinivenekorjaamo.fi\/sv\/wp-json\/wp\/v2\/product"}],"about":[{"href":"https:\/\/alumiinivenekorjaamo.fi\/sv\/wp-json\/wp\/v2\/types\/product"}],"replies":[{"embeddable":true,"href":"https:\/\/alumiinivenekorjaamo.fi\/sv\/wp-json\/wp\/v2\/comments?post=462"}],"wp:featuredmedia":[{"embeddable":true,"href":"https:\/\/alumiinivenekorjaamo.fi\/sv\/wp-json\/wp\/v2\/media\/576"}],"wp:attachment":[{"href":"https:\/\/alumiinivenekorjaamo.fi\/sv\/wp-json\/wp\/v2\/media?parent=462"}],"wp:term":[{"taxonomy":"product_brand","embeddable":true,"href":"https:\/\/alumiinivenekorjaamo.fi\/sv\/wp-json\/wp\/v2\/product_brand?post=462"},{"taxonomy":"product_cat","embeddable":true,"href":"https:\/\/alumiinivenekorjaamo.fi\/sv\/wp-json\/wp\/v2\/product_cat?post=462"},{"taxonomy":"product_tag","embeddable":true,"href":"https:\/\/alumiinivenekorjaamo.fi\/sv\/wp-json\/wp\/v2\/product_tag?post=462"}],"curies":[{"name":"wp","href":"https:\/\/api.w.org\/{rel}","templated":true}]}}