{"id":461,"date":"2021-01-11T05:23:41","date_gmt":"2021-01-11T05:23:41","guid":{"rendered":"https:\/\/alumiinivenekorjaamo.fi\/product\/husky-r5-pohjan-korjaus\/"},"modified":"2021-01-15T07:35:43","modified_gmt":"2021-01-15T07:35:43","slug":"husky-r5-pohjan-korjaus","status":"publish","type":"product","link":"https:\/\/alumiinivenekorjaamo.fi\/sv\/tuote\/husky-r5-pohjan-korjaus\/","title":{"rendered":"Husky R5 pohjan korjaus"},"content":{"rendered":"<p>T\u00e4m\u00e4 Husky R5 on p\u00e4\u00e4ssyt myrskyss\u00e4 irti ja hakkautunut rantakivikkoon. Pohja korjattiin oikomalla ja vaihtamalla isohko pala pelti\u00e4. Uusi levypala hitsattiin tig-hitsauksella p\u00e4itt\u00e4issaumana aivan runkopalkin viereen. Pari metri\u00e4 k\u00f6liprofiilia meni uusiksi siin\u00e4 samalla. Veneen takakulman lasikuitukansi oli saanut my\u00f6s pari pient\u00e4 osumaa, jotka hiottiin auki, t\u00e4ytettiin ja pinnoitettiin gelcoat epoksilla.<\/p>\n","protected":false},"excerpt":{"rendered":"<p>T\u00e4m\u00e4 Husky R5 on p\u00e4\u00e4ssyt myrskyss\u00e4 irti ja hakkautunut rantakivikkoon.<\/p>\n","protected":false},"featured_media":550,"comment_status":"open","ping_status":"closed","template":"","meta":[],"product_brand":[],"product_cat":[72],"product_tag":[],"class_list":{"0":"post-461","1":"product","2":"type-product","3":"status-publish","4":"has-post-thumbnail","6":"product_cat-pohjalevy","8":"first","9":"instock","10":"shipping-taxable","11":"product-type-simple"},"_links":{"self":[{"href":"https:\/\/alumiinivenekorjaamo.fi\/sv\/wp-json\/wp\/v2\/product\/461","targetHints":{"allow":["GET"]}}],"collection":[{"href":"https:\/\/alumiinivenekorjaamo.fi\/sv\/wp-json\/wp\/v2\/product"}],"about":[{"href":"https:\/\/alumiinivenekorjaamo.fi\/sv\/wp-json\/wp\/v2\/types\/product"}],"replies":[{"embeddable":true,"href":"https:\/\/alumiinivenekorjaamo.fi\/sv\/wp-json\/wp\/v2\/comments?post=461"}],"wp:featuredmedia":[{"embeddable":true,"href":"https:\/\/alumiinivenekorjaamo.fi\/sv\/wp-json\/wp\/v2\/media\/550"}],"wp:attachment":[{"href":"https:\/\/alumiinivenekorjaamo.fi\/sv\/wp-json\/wp\/v2\/media?parent=461"}],"wp:term":[{"taxonomy":"product_brand","embeddable":true,"href":"https:\/\/alumiinivenekorjaamo.fi\/sv\/wp-json\/wp\/v2\/product_brand?post=461"},{"taxonomy":"product_cat","embeddable":true,"href":"https:\/\/alumiinivenekorjaamo.fi\/sv\/wp-json\/wp\/v2\/product_cat?post=461"},{"taxonomy":"product_tag","embeddable":true,"href":"https:\/\/alumiinivenekorjaamo.fi\/sv\/wp-json\/wp\/v2\/product_tag?post=461"}],"curies":[{"name":"wp","href":"https:\/\/api.w.org\/{rel}","templated":true}]}}