{"id":460,"date":"2021-01-11T05:23:41","date_gmt":"2021-01-11T05:23:41","guid":{"rendered":"https:\/\/alumiinivenekorjaamo.fi\/product\/silver-hawk-peralaudan-korjaus\/"},"modified":"2021-01-15T07:36:42","modified_gmt":"2021-01-15T07:36:42","slug":"silver-hawk-peralaudan-korjaus","status":"publish","type":"product","link":"https:\/\/alumiinivenekorjaamo.fi\/sv\/tuote\/silver-hawk-peralaudan-korjaus\/","title":{"rendered":"Silver Hawk per\u00e4laudan korjaus"},"content":{"rendered":"<p>Silver Hawk per\u00e4vaneri oli m\u00e4rk\u00e4 ja lahonnut pehme\u00e4ksi. T\u00e4h\u00e4n venemallin takalaudan voi korjata rakentamalla se alumiinista kokonaan uusiksi. Silver-veneiden veist\u00e4m\u00f6 toimitti meille samaa alumiiniprofiilia, jota k\u00e4ytet\u00e4\u00e4n uusissa venemalleissa per\u00e4laudan valmistukseen. Saimme my\u00f6s piirustukset, joten meid\u00e4n ei tarvinnut keksi\u00e4 rakennetta uudestaan itse. Muuten per\u00e4levyn vaihto oli vastaava kuin tavallinen vanerin vaihto, mutta t\u00e4h\u00e4n tuli kolmioj\u00e4ykisteet lis\u00e4ksi, jotka asennettiin hitsaamalla ne pohjapalkkeihin ja uuteen per\u00e4peiliin moottorikaivoon sahatusta aukosta. Lasikuituinen moottorikaivo oli my\u00f6s ratkennut rikki pehminneen vanerin my\u00f6t\u00e4. Kuitukaukalon murtumat hiottiin auki ja korjattiin laminoimalla uutta lasikuitua ja pinnoittamalla se asianmukaisesti gelcoatilla. Hitsausta varten tehty aukko peitettiin plasmaleikatulla turkkialumiinipalalla. Siihen sopi hienosti 2mm paksu riisinjyv\u00e4-alumiini. Sitten vain moottori takaisin paikoilleen ja valmista tuli.<\/p>\n","protected":false},"excerpt":{"rendered":"<p>Silver Hawk per\u00e4vaneri oli m\u00e4rk\u00e4 ja lahonnut pehme\u00e4ksi.<\/p>\n","protected":false},"featured_media":496,"comment_status":"open","ping_status":"closed","template":"","meta":[],"product_brand":[],"product_cat":[70],"product_tag":[],"class_list":{"0":"post-460","1":"product","2":"type-product","3":"status-publish","4":"has-post-thumbnail","6":"product_cat-potkurit-ja-vetolaitteet","8":"first","9":"instock","10":"shipping-taxable","11":"product-type-simple"},"_links":{"self":[{"href":"https:\/\/alumiinivenekorjaamo.fi\/sv\/wp-json\/wp\/v2\/product\/460","targetHints":{"allow":["GET"]}}],"collection":[{"href":"https:\/\/alumiinivenekorjaamo.fi\/sv\/wp-json\/wp\/v2\/product"}],"about":[{"href":"https:\/\/alumiinivenekorjaamo.fi\/sv\/wp-json\/wp\/v2\/types\/product"}],"replies":[{"embeddable":true,"href":"https:\/\/alumiinivenekorjaamo.fi\/sv\/wp-json\/wp\/v2\/comments?post=460"}],"wp:featuredmedia":[{"embeddable":true,"href":"https:\/\/alumiinivenekorjaamo.fi\/sv\/wp-json\/wp\/v2\/media\/496"}],"wp:attachment":[{"href":"https:\/\/alumiinivenekorjaamo.fi\/sv\/wp-json\/wp\/v2\/media?parent=460"}],"wp:term":[{"taxonomy":"product_brand","embeddable":true,"href":"https:\/\/alumiinivenekorjaamo.fi\/sv\/wp-json\/wp\/v2\/product_brand?post=460"},{"taxonomy":"product_cat","embeddable":true,"href":"https:\/\/alumiinivenekorjaamo.fi\/sv\/wp-json\/wp\/v2\/product_cat?post=460"},{"taxonomy":"product_tag","embeddable":true,"href":"https:\/\/alumiinivenekorjaamo.fi\/sv\/wp-json\/wp\/v2\/product_tag?post=460"}],"curies":[{"name":"wp","href":"https:\/\/api.w.org\/{rel}","templated":true}]}}