{"id":459,"date":"2021-01-11T05:23:41","date_gmt":"2021-01-11T05:23:41","guid":{"rendered":"https:\/\/alumiinivenekorjaamo.fi\/product\/keulan-ja-steevin-korjaus\/"},"modified":"2021-01-15T07:35:20","modified_gmt":"2021-01-15T07:35:20","slug":"keulan-ja-steevin-korjaus","status":"publish","type":"product","link":"https:\/\/alumiinivenekorjaamo.fi\/sv\/tuote\/keulan-ja-steevin-korjaus\/","title":{"rendered":"Keulan ja steevin korjaus"},"content":{"rendered":"<p>T\u00e4m\u00e4 Busterin keula korjattiin oikomalla ja vaihtamalla keulakolmion pelti uuteen. Steevi oijottiin vasartamalla takaisin muotoonsa ja p\u00e4tk\u00e4 k\u00f6liprofiilia vahdettiin uuteen. Rikkoutunut tuulilasi ja sen k\u00e4sikaide vaihdettiin uusiin. Lattiavaneri olisi kest\u00e4nyt viel\u00e4 kauden tai kaksi, mutta se vaihdettiin pohjan korjauksen yhteydess\u00e4 uuteen, koska vene oli joka tapauksessa avattava. Runkopalkkien ja laipioiden hitsaukset tarkastetaan aina lattian avaamisen yhteydess\u00e4. T\u00e4m\u00e4n veneen runko oli ehj\u00e4 ja korjaushitsauksia ei tarvinnut tehd\u00e4.<\/p>\n","protected":false},"excerpt":{"rendered":"<p>T\u00e4m\u00e4 Busterin keula korjattiin oikomalla ja vaihtamalla keulakolmion pelti uuteen.<\/p>\n","protected":false},"featured_media":556,"comment_status":"open","ping_status":"closed","template":"","meta":[],"product_brand":[],"product_cat":[68],"product_tag":[],"class_list":{"0":"post-459","1":"product","2":"type-product","3":"status-publish","4":"has-post-thumbnail","6":"product_cat-korjaushitsaaminen","8":"first","9":"instock","10":"shipping-taxable","11":"product-type-simple"},"_links":{"self":[{"href":"https:\/\/alumiinivenekorjaamo.fi\/sv\/wp-json\/wp\/v2\/product\/459","targetHints":{"allow":["GET"]}}],"collection":[{"href":"https:\/\/alumiinivenekorjaamo.fi\/sv\/wp-json\/wp\/v2\/product"}],"about":[{"href":"https:\/\/alumiinivenekorjaamo.fi\/sv\/wp-json\/wp\/v2\/types\/product"}],"replies":[{"embeddable":true,"href":"https:\/\/alumiinivenekorjaamo.fi\/sv\/wp-json\/wp\/v2\/comments?post=459"}],"wp:featuredmedia":[{"embeddable":true,"href":"https:\/\/alumiinivenekorjaamo.fi\/sv\/wp-json\/wp\/v2\/media\/556"}],"wp:attachment":[{"href":"https:\/\/alumiinivenekorjaamo.fi\/sv\/wp-json\/wp\/v2\/media?parent=459"}],"wp:term":[{"taxonomy":"product_brand","embeddable":true,"href":"https:\/\/alumiinivenekorjaamo.fi\/sv\/wp-json\/wp\/v2\/product_brand?post=459"},{"taxonomy":"product_cat","embeddable":true,"href":"https:\/\/alumiinivenekorjaamo.fi\/sv\/wp-json\/wp\/v2\/product_cat?post=459"},{"taxonomy":"product_tag","embeddable":true,"href":"https:\/\/alumiinivenekorjaamo.fi\/sv\/wp-json\/wp\/v2\/product_tag?post=459"}],"curies":[{"name":"wp","href":"https:\/\/api.w.org\/{rel}","templated":true}]}}